{"id":20,"date":"2017-09-21T11:16:03","date_gmt":"2017-09-21T11:16:03","guid":{"rendered":"http:\/\/new.bernd-pr-winter.de\/?page_id=20"},"modified":"2017-09-21T11:25:10","modified_gmt":"2017-09-21T11:25:10","slug":"impressum","status":"publish","type":"page","link":"https:\/\/bernd-pr-winter.de\/?page_id=20","title":{"rendered":"Impressum"},"content":{"rendered":"<h3>Inhaltlich Verantwortlicher gem\u00e4\u00df \u00a710 Absatz 3 MDStV:<\/h3>\n<p>Bernd P. R. Winter (Anschrift wie unten)<\/p>\n<p>Haftungshinweis: Trotz sorgf\u00e4ltiger inhaltlicher Kontrolle \u00fcbernehmen ich keine Haftung f\u00fcr die Inhalte externer Links. F\u00fcr den Inhalt der verlinkten Seiten sind ausschlie\u00dflich deren Betreiber verantwortlich.<\/p>\n<p>Mit seinem Urteil vom 12. Mai 1998 &#8211; http:\/\/www.online-recht.de &#8211; hat das Landgericht Hamburg entschieden, dass man durch das Verwenden von Links, die Inhalte der gelinkten Seiten ggf. mit zu verantworten hat. Der Webmaster dieser Seite hat keinerlei Einfluss auf die Gestaltung der gelinkten Seiten und distanziert sich deswegen ausdr\u00fccklich von allen dortigen Inhalten. Auch f\u00fcr alle anderen Links, die auf den Seiten des Webmasters zu finden sind, gilt das oben gesagte. Der Webmaster erkl\u00e4rt sich daher ausschlie\u00dflich f\u00fcr die Webseiten verantwortlich, aus denen seine Homepage besteht, deren Gestaltung und Inhalt er beeinflussen kann.<\/p>\n<hr \/>\n<h3>Bildrechte:<\/h3>\n<p>&#8222;Bernd P. R. Winter&#8220; \u00fcbertr\u00e4gt keine Rechte an Bildmaterial, das vom Benutzer heruntergeladen oder verwendet wird. Freie Nutzungsrechte an Bildmaterial sind lediglich der Presse und Eventplaner vorbehalten.<br \/>\nEine Nutzung f\u00fcr kommerzielle Zwecke ist nur in Verbindung mit vorheriger Genehmigung durch &#8222;Bernd P. R. Winter&#8220; gestattet.<\/p>\n<hr \/>\n<h3>Kontakt:<\/h3>\n<p>Bernd P. R. Winter<br \/>\nHohnemannstr. 8<br \/>\nD-34130 Kassel<br \/>\nTelefon: +49 (0)561.7668426<br \/>\nMobil: +49 (0)177.2376716<br \/>\nMail: info(at)bernd-pr-winter.de<\/p>\n","protected":false},"excerpt":{"rendered":"<p>Inhaltlich Verantwortlicher gem\u00e4\u00df \u00a710 Absatz 3 MDStV: Bernd P. R. Winter (Anschrift wie unten) Haftungshinweis: Trotz sorgf\u00e4ltiger inhaltlicher Kontrolle \u00fcbernehmen ich keine Haftung f\u00fcr die Inhalte externer Links. F\u00fcr den Inhalt der verlinkten Seiten sind ausschlie\u00dflich deren Betreiber verantwortlich. Mit seinem Urteil vom 12. Mai 1998 &#8211; http:\/\/www.online-recht.de &#8211; hat das Landgericht Hamburg entschieden, dass &#8230; <a title=\"Impressum\" class=\"read-more\" href=\"https:\/\/bernd-pr-winter.de\/?page_id=20\">Weiterlesen &#8230;<\/a><\/p>\n","protected":false},"author":1,"featured_media":0,"parent":0,"menu_order":6,"comment_status":"closed","ping_status":"closed","template":"","meta":{"generate_page_header":"","footnotes":""},"class_list":["post-20","page","type-page","status-publish"],"_links":{"self":[{"href":"https:\/\/bernd-pr-winter.de\/index.php?rest_route=\/wp\/v2\/pages\/20","targetHints":{"allow":["GET"]}}],"collection":[{"href":"https:\/\/bernd-pr-winter.de\/index.php?rest_route=\/wp\/v2\/pages"}],"about":[{"href":"https:\/\/bernd-pr-winter.de\/index.php?rest_route=\/wp\/v2\/types\/page"}],"author":[{"embeddable":true,"href":"https:\/\/bernd-pr-winter.de\/index.php?rest_route=\/wp\/v2\/users\/1"}],"replies":[{"embeddable":true,"href":"https:\/\/bernd-pr-winter.de\/index.php?rest_route=%2Fwp%2Fv2%2Fcomments&post=20"}],"version-history":[{"count":3,"href":"https:\/\/bernd-pr-winter.de\/index.php?rest_route=\/wp\/v2\/pages\/20\/revisions"}],"predecessor-version":[{"id":24,"href":"https:\/\/bernd-pr-winter.de\/index.php?rest_route=\/wp\/v2\/pages\/20\/revisions\/24"}],"wp:attachment":[{"href":"https:\/\/bernd-pr-winter.de\/index.php?rest_route=%2Fwp%2Fv2%2Fmedia&parent=20"}],"curies":[{"name":"wp","href":"https:\/\/api.w.org\/{rel}","templated":true}]}}